{"id":4096,"date":"2018-12-01T19:38:19","date_gmt":"2018-12-01T18:38:19","guid":{"rendered":"http:\/\/alminbar.fr\/?page_id=4096"},"modified":"2018-12-01T19:39:29","modified_gmt":"2018-12-01T18:39:29","slug":"comment-soutenir-le-projet-dachat-des-locaux-de-lishn","status":"publish","type":"page","link":"https:\/\/alminbar.fr\/?page_id=4096","title":{"rendered":"Comment soutenir le projet d\u2019achat des locaux de l\u2019ISHN"},"content":{"rendered":"<p>\u00ab <strong>Et faites \u00e0 Allah un pr\u00eat sinc\u00e8re. Tout bien que vous vous pr\u00e9pariez, vous le retrouverez aupr\u00e8s d\u2019Allah, meilleur et plus grand en fait de r\u00e9compense. Et implorez le pardon d\u2019Allah. Car Allah est Pardonneur et Tr\u00e8s Mis\u00e9ricordieux<\/strong>. \u00bb Sourate 73- S\u016brat Al-Muzzammil<\/p>\n<h2><strong><u>1) Par un don :<\/u><\/strong><\/h2>\n<p>1) Par pr\u00e9l\u00e8vement automatique : demander le formulaire : <strong>direction@nawawi.fr<\/strong> 2) Par virement bancaire : <strong>IBAN : FR76 1027 8073 2600 0204 4040 142 BIC : CMCIFR2A<\/strong> 3) Par internet (PayPal) <strong>: www.institut-nawawi.fr<\/strong> 4) Par ch\u00e8que : <strong>A l\u2019ordre de \u00ab ISHN \u00bb<\/strong> <em>Adresse : 62 rue Ambroise Par\u00e9 42100 SAINT-ETIENNE<\/em><\/p>\n<h2><strong><u>2) Ou Par un pr\u00eat :<\/u><\/strong><\/h2>\n<p>Le co\u00fbt annuel des loyers est de 20 000 \u20ac. Dans le but de capitaliser ces sommes importantes et les utiliser pour les remboursements, nous vous sollicitons pour des pr\u00eats \u00e0 taux 0%. Pour cela :<\/p>\n<ul>\n<li>Nous signons un document de reconnaissance de dette et engagement de remboursement.<\/li>\n<li>Nous fixons avec vous un d\u00e9lai de remboursement.<\/li>\n<li>En cas d\u2019urgence, faites-nous une demande avec un pr\u00e9avis d\u2019un mois.<\/li>\n<\/ul>\n<p><img loading=\"lazy\" class=\"alignnone wp-image-4070 size-full\" src=\"http:\/\/institut-nawawi.fr\/wp-content\/uploads\/Plaquette_ISHN-Achat-page01.jpg\" alt=\"\" width=\"443\" height=\"615\" \/> <img loading=\"lazy\" class=\"alignnone wp-image-4069 size-full\" src=\"http:\/\/institut-nawawi.fr\/wp-content\/uploads\/Plaquette_ISHN-Achat-page02.jpg\" alt=\"\" width=\"445\" height=\"635\" \/><img loading=\"lazy\" class=\"alignnone wp-image-4068 size-full\" src=\"http:\/\/institut-nawawi.fr\/wp-content\/uploads\/Plaquette_ISHN-Achat-page03.jpg\" alt=\"\" width=\"446\" height=\"630\" \/> <img loading=\"lazy\" class=\"alignnone wp-image-4067 size-full\" src=\"http:\/\/institut-nawawi.fr\/wp-content\/uploads\/Plaquette_ISHN-Achat-page04.jpg\" alt=\"\" width=\"441\" height=\"628\" \/><\/p>\n<h2>T\u00e9l\u00e9charger la plaquette du projet :<\/h2>\n<p><a href=\"http:\/\/institut-nawawi.fr\/wp-content\/uploads\/Plaquette_ISHN-Achat-New_2018-V02.pdf\"><img loading=\"lazy\" class=\"size-medium wp-image-4026 aligncenter\" src=\"http:\/\/institut-nawawi.fr\/wp-content\/uploads\/comment-aider-le-projet-achat-219x300.jpg\" alt=\"\" width=\"219\" height=\"300\" \/><\/a><\/p>\n","protected":false},"excerpt":{"rendered":"<p>\u00ab Et faites \u00e0 Allah un pr\u00eat sinc\u00e8re. Tout bien que vous vous pr\u00e9pariez, vous le retrouverez aupr\u00e8s d\u2019Allah, meilleur et plus grand en fait de r\u00e9compense. Et implorez le pardon d\u2019Allah. Car Allah est Pardonneur et Tr\u00e8s Mis\u00e9ricordieux. \u00bb Sourate 73- S\u016brat Al-Muzzammil 1) Par un don : 1) Par pr\u00e9l\u00e8vement automatique : demander [&hellip;]<\/p>\n","protected":false},"author":1,"featured_media":0,"parent":0,"menu_order":0,"comment_status":"closed","ping_status":"closed","template":"","meta":[],"_links":{"self":[{"href":"https:\/\/alminbar.fr\/index.php?rest_route=\/wp\/v2\/pages\/4096"}],"collection":[{"href":"https:\/\/alminbar.fr\/index.php?rest_route=\/wp\/v2\/pages"}],"about":[{"href":"https:\/\/alminbar.fr\/index.php?rest_route=\/wp\/v2\/types\/page"}],"author":[{"embeddable":true,"href":"https:\/\/alminbar.fr\/index.php?rest_route=\/wp\/v2\/users\/1"}],"replies":[{"embeddable":true,"href":"https:\/\/alminbar.fr\/index.php?rest_route=%2Fwp%2Fv2%2Fcomments&post=4096"}],"version-history":[{"count":2,"href":"https:\/\/alminbar.fr\/index.php?rest_route=\/wp\/v2\/pages\/4096\/revisions"}],"predecessor-version":[{"id":4098,"href":"https:\/\/alminbar.fr\/index.php?rest_route=\/wp\/v2\/pages\/4096\/revisions\/4098"}],"wp:attachment":[{"href":"https:\/\/alminbar.fr\/index.php?rest_route=%2Fwp%2Fv2%2Fmedia&parent=4096"}],"curies":[{"name":"wp","href":"https:\/\/api.w.org\/{rel}","templated":true}]}}